{"id":515,"date":"2025-01-17T10:57:41","date_gmt":"2025-01-17T10:57:41","guid":{"rendered":"https:\/\/adclash.de\/proteccion-de-datos\/"},"modified":"2025-01-23T09:58:54","modified_gmt":"2025-01-23T09:58:54","slug":"proteccion-de-datos","status":"publish","type":"page","link":"https:\/\/adclash.de\/es\/proteccion-de-datos\/","title":{"rendered":"Protecci\u00f3n de datos"},"content":{"rendered":"<p>[et_pb_section fb_built=\u00bb1&#8243; _builder_version=\u00bb4.27.2&#8243; _module_preset=\u00bbdefault\u00bb global_colors_info=\u00bb{}\u00bb][et_pb_row _builder_version=\u00bb4.27.2&#8243; _module_preset=\u00bbdefault\u00bb global_colors_info=\u00bb{}\u00bb][et_pb_column type=\u00bb4_4&#8243; _builder_version=\u00bb4.27.2&#8243; _module_preset=\u00bbdefault\u00bb global_colors_info=\u00bb{}\u00bb][et_pb_text _builder_version=\u00bb4.27.2&#8243; _module_preset=\u00bbdefault\u00bb hover_enabled=\u00bb0&#8243; global_colors_info=\u00bb{}\u00bb sticky_enabled=\u00bb0&#8243;]<\/p>\n<h2><strong>Pol\u00edtica de privacidad<\/strong><\/h2>\n<p>\u00a0<\/p>\n<p>El uso de las p\u00e1ginas de Internet de Oliro GmbH (en este caso para el servicio AdClash).<\/p>\n<p>Nos alegramos mucho de que te hayas interesado por nuestra empresa. La protecci\u00f3n de datos tiene una prioridad especialmente alta para la direcci\u00f3n de Oliro GmbH. El uso de las p\u00e1ginas de Internet de Oliro GmbH es posible sin indicaci\u00f3n de datos personales; sin embargo, si un interesado desea utilizar servicios especiales de la empresa a trav\u00e9s de nuestro sitio web, podr\u00eda ser necesario el tratamiento de datos personales. Sin embargo, si un interesado desea hacer uso de servicios especiales de nuestra empresa a trav\u00e9s de nuestro sitio web, podr\u00eda ser necesario el tratamiento de datos personales.   <\/p>\n<p>Como responsable del tratamiento, Oliro GmbH ha aplicado numerosas medidas t\u00e9cnicas y organizativas para garantizar la protecci\u00f3n m\u00e1s completa posible de los datos personales tratados a trav\u00e9s de este sitio web. No obstante, las transmisiones de datos por Internet -en particular por correo electr\u00f3nico- pueden presentar, por lo general, lagunas de seguridad, por lo que no puede garantizarse una protecci\u00f3n absoluta. Por este motivo, todo interesado es libre de transmitirnos sus datos personales por medios alternativos, por ejemplo, por tel\u00e9fono.   <\/p>\n<p>La declaraci\u00f3n de protecci\u00f3n de datos de Oliro GmbH se basa en los t\u00e9rminos utilizados por el legislador europeo para la adopci\u00f3n del Reglamento General de Protecci\u00f3n de Datos (RGPD).<\/p>\n<p><strong>Nombre y direcci\u00f3n de la persona responsable<\/strong><\/p>\n<p>El responsable del tratamiento en el sentido del Reglamento General de Protecci\u00f3n de Datos, otras leyes de protecci\u00f3n de datos aplicables en los Estados miembros de la Uni\u00f3n Europea y otras disposiciones de naturaleza de protecci\u00f3n de datos es el:<\/p>\n<p>Oliro GmbH Gredinger Strasse 24a 90453 Nuremberg Alemania<\/p>\n<p>Tel\u00e9fono: +49 (0) 911 63 63 27 Correo electr\u00f3nico:<a href=\"mailto:team@oliro.com\">team@oliro.com<\/a><\/p>\n<p><strong>Nombre y direcci\u00f3n del responsable de la protecci\u00f3n de datos<\/strong><\/p>\n<p>El responsable de la protecci\u00f3n de datos del responsable del tratamiento es<\/p>\n<p>Martin Erlewein Abogado Alte Poststr. 28b 42555 Velbert Alemania <\/p>\n<p>Tel\u00e9fono: +49 (2052) 8352343 Correo electr\u00f3nico: datenschutz@oliro.com<\/p>\n<p>Cualquier persona interesada puede ponerse en contacto directamente con nuestro responsable de protecci\u00f3n de datos en cualquier momento con cualquier pregunta o sugerencia relativa a la protecci\u00f3n de datos.<\/p>\n<p><strong>1. informaci\u00f3n general sobre el tratamiento de datos<\/strong><\/p>\n<p><strong>1.1 Alcance del tratamiento de datos personales<\/strong><\/p>\n<p>S\u00f3lo procesamos los datos personales de los usuarios de estas p\u00e1ginas en la medida necesaria para proporcionar un sitio web funcional y nuestros contenidos y servicios. En general, es posible utilizar nuestro sitio web sin proporcionar datos personales. En la medida en que se recogen datos personales (por ejemplo, nombre, direcci\u00f3n, direcciones de correo electr\u00f3nico y n\u00fameros de tel\u00e9fono), en particular cuando te pones en contacto con nosotros o celebras un contrato con nosotros, se hace de forma voluntaria en la medida de lo posible.   <\/p>\n<p><strong>1.2 Base jur\u00eddica para el tratamiento de datos personales<\/strong><\/p>\n<p>En la medida en que obtengamos el consentimiento del interesado para el tratamiento de datos personales, el Art. 6 p\u00e1rrafo 1 lit. a del Reglamento General de Protecci\u00f3n de Datos de la UE (RGPD) sirve de base jur\u00eddica para el tratamiento basado en dicho consentimiento.  <\/p>\n<p>Cuando el tratamiento de datos personales es necesario para el cumplimiento de un contrato en el que el interesado es parte, el Art. 6 p\u00e1rrafo 1 lit. b GDPR sirve como base legal. Esta justificaci\u00f3n tambi\u00e9n se aplica a las operaciones de tratamiento que son necesarias para la ejecuci\u00f3n de medidas precontractuales.   <\/p>\n<p>En la medida en que los datos personales deban recopilarse y\/o procesarse debido a requisitos legales o en inter\u00e9s p\u00fablico, el Art. 6 p\u00e1rrafo 1 lit. c o lit. e GDPR sirve como base legal.   <\/p>\n<p>Si el tratamiento es necesario para salvaguardar un inter\u00e9s leg\u00edtimo de nuestra empresa o de un tercero, y si los intereses, derechos fundamentales y libertades de los interesados no prevalecen sobre el inter\u00e9s leg\u00edtimo, el Art. 6 p\u00e1rrafo 1 lit. f GDPR sirve como base legal para el tratamiento.  <\/p>\n<p><strong>1.3 Opci\u00f3n de contacto a trav\u00e9s del sitio web<\/strong><\/p>\n<p>Si nos env\u00edas datos personales a trav\u00e9s del formulario de contacto que aparece en estas p\u00e1ginas, los almacenaremos autom\u00e1ticamente. Procesamos estos datos personales transmitidos de forma voluntaria exclusivamente con el fin de procesar tu consulta o ponernos en contacto contigo. Estos datos personales no se transmitir\u00e1n a terceros. Los datos se eliminar\u00e1n una vez alcanzado el fin para el que fueron transmitidos por ti, a menos que sea necesario seguir almacen\u00e1ndolos, en particular para la celebraci\u00f3n o el cumplimiento de un contrato.    <\/p>\n<p><strong>1.4 Transmisi\u00f3n de datos<\/strong><\/p>\n<p>Tus datos personales no se transferir\u00e1n a terceros para fines distintos de los enumerados a continuaci\u00f3n.<\/p>\n<p>Tus datos personales s\u00f3lo se transmitir\u00e1n a terceros si has dado tu consentimiento expreso, si existe una obligaci\u00f3n legal de hacerlo, si lo permite la ley o si es necesario para la tramitaci\u00f3n de relaciones contractuales contigo. <\/p>\n<p><strong>1.5 Per\u00edodo de almacenamiento y eliminaci\u00f3n<\/strong><\/p>\n<p>Los datos personales de los interesados se suprimir\u00e1n en cuanto deje de ser aplicable la finalidad original del tratamiento y no exista ning\u00fan otro fundamento jur\u00eddico para seguir almacen\u00e1ndolos. Los datos tambi\u00e9n podr\u00e1n almacenarse si as\u00ed lo ha dispuesto el legislador europeo o nacional en reglamentos, leyes u otras disposiciones de la UE a las que est\u00e9 sujeto el responsable del tratamiento. Los datos tambi\u00e9n se bloquear\u00e1n o eliminar\u00e1n si expira un periodo de almacenamiento prescrito por las normas mencionadas, a menos que exista la necesidad de seguir almacenando los datos. En caso de obligaciones legales de conservaci\u00f3n, restringimos el tratamiento de los datos correspondientes.   <\/p>\n<p><strong>2. suministro del sitio web y creaci\u00f3n de archivos de registro<\/strong><\/p>\n<p><strong>2.1 Encriptaci\u00f3n SSL \/TSL<\/strong><\/p>\n<p>Estas p\u00e1ginas utilizan encriptaci\u00f3n SSL o TSL por razones de seguridad. Si la encriptaci\u00f3n est\u00e1 activada, los datos que nos transmitas no podr\u00e1n ser le\u00eddos por terceros. <\/p>\n<p><strong>2.2 Recogida de datos del archivo de registro<\/strong><\/p>\n<p>El sitio web de Oliro GmbH (en este caso para el servicio AdClash) recoge una serie de datos e informaci\u00f3n generales cuando un interesado o un sistema automatizado accede al sitio web. Estos datos e informaci\u00f3n generales se almacenan en los archivos de registro del servidor. Se puede registrar lo siguiente  <\/p>\n<ul>\n<li>los tipos y versiones de navegador utilizados,<\/li>\n<li>el sistema operativo utilizado por el sistema de acceso,<\/li>\n<li>el sitio web desde el que un sistema de acceso llega a nuestro sitio web (la llamada referencia),<\/li>\n<li>los sub-sitios web a los que se accede a trav\u00e9s de un sistema de acceso de nuestro sitio web,<\/li>\n<li>la fecha y hora de acceso al sitio web,<\/li>\n<li>una direcci\u00f3n de Protocolo de Internet (direcci\u00f3n IP),<\/li>\n<li>el proveedor de servicios de Internet del sistema de acceso.<\/li>\n<\/ul>\n<p>La recogida de estos datos sirve a nuestro inter\u00e9s leg\u00edtimo en la defensa contra peligros en caso de ataques a nuestros sistemas de tecnolog\u00eda de la informaci\u00f3n. Al utilizar estos datos e informaci\u00f3n generales, Oliro GmbH no extrae ninguna conclusi\u00f3n sobre el interesado. Los datos an\u00f3nimos de los archivos de registro del servidor se almacenan por separado de todos los datos personales facilitados por el interesado.  <\/p>\n<p>M\u00e1s bien, esta informaci\u00f3n es necesaria para<\/p>\n<ul>\n<li>para ofrecer correctamente el contenido de nuestro sitio web,<\/li>\n<li>optimizar el contenido de nuestro sitio web y la publicidad del mismo,<\/li>\n<li>garantizar la funcionalidad a largo plazo de nuestros sistemas inform\u00e1ticos y de la tecnolog\u00eda de nuestro sitio web, y<\/li>\n<li>proporcionar a las autoridades policiales la informaci\u00f3n necesaria para el enjuiciamiento en caso de ciberataque.<\/li>\n<\/ul>\n<p>Por lo tanto, Oliro GmbH analiza estad\u00edsticamente los datos e informaci\u00f3n recogidos de forma an\u00f3nima, con el objetivo de aumentar la protecci\u00f3n y seguridad de los datos de nuestra empresa, y garantizar un nivel \u00f3ptimo de protecci\u00f3n de los datos personales que procesamos.<\/p>\n<p><strong>3. tratamiento posterior de estas p\u00e1ginas<\/strong><\/p>\n<p><strong>3.1 Fuentes Google<\/strong><\/p>\n<p>En este sitio web utilizamos fuentes de Google Fonts de Google LLC, 1600 Amphitheatre Parkway Mountain View, CA 94043, EE.UU. (Google). Cuando accedes a una p\u00e1gina, tu navegador carga las fuentes necesarias en la cach\u00e9 de tu navegador para mostrar correctamente los textos, fuentes y s\u00edmbolos. Cuando se realiza una solicitud a Google Font, se transmite autom\u00e1ticamente a los servidores de Google informaci\u00f3n como la direcci\u00f3n IP, la versi\u00f3n del navegador, la resoluci\u00f3n de pantalla del navegador y el nombre del navegador. Sin embargo, si tienes una cuenta en Google, ninguno de los datos de tu cuenta de Google se transmitir\u00e1 a Google cuando utilices Google Fonts. Google s\u00f3lo registra el uso de las fuentes utilizadas y almacena estos datos. Puedes obtener m\u00e1s informaci\u00f3n al respecto en <a href=\"\">https:\/\/developers.google.com\/fonts\/faq?tid=231551944785.<\/a>     <\/p>\n<p>Utilizamos Google Fonts porque es una forma fiable de mostrar fuentes en una amplia variedad de dispositivos. La base legal para el tratamiento asociado de datos personales surge de nuestro inter\u00e9s leg\u00edtimo en una presentaci\u00f3n f\u00e1cil de usar de nuestros sitios web, de conformidad con el Art. 6 p\u00e1rr. 1 lit. f GDPR.   <\/p>\n<p>No se puede descartar que Google tambi\u00e9n transfiera datos personales de usuarios de Internet europeos a EE.UU. y los procese all\u00ed. Con el fin de proporcionar garant\u00edas adecuadas para el cumplimiento de las condiciones de transferencia de datos establecidas en el Cap\u00edtulo V del GDPR y tambi\u00e9n las dem\u00e1s disposiciones del GDPR, Google utiliza las cl\u00e1usulas est\u00e1ndar de protecci\u00f3n de datos emitidas por la Comisi\u00f3n de la UE de conformidad con el Art. 46 p\u00e1rrafo 2 lit. c GDPR. Para obtener m\u00e1s informaci\u00f3n sobre qu\u00e9 datos recopila Google, para qu\u00e9 los utiliza y qu\u00e9 derechos tienes, visita <a href=\"\">https:\/\/www.google.com\/intl\/de\/policies\/privacy\/.<\/a>    <\/p>\n<p><strong>3.2 Font Awesome<\/strong><\/p>\n<p>En este sitio web utilizamos fuentes y s\u00edmbolos de Font Awesome by Fonticons, Inc, 6 Porter Road Apartment 3R, Cambridge, Massachusetts, EE.UU. (Fonticons). Cuando accedes a una p\u00e1gina, tu navegador carga las fuentes necesarias en la cach\u00e9 de tu navegador para mostrar correctamente los textos, fuentes y s\u00edmbolos. Cuando se realiza una solicitud a Google Font, se transmite autom\u00e1ticamente a los servidores de Fonticons informaci\u00f3n como la direcci\u00f3n IP, la versi\u00f3n del navegador, la resoluci\u00f3n de pantalla del navegador y el nombre del navegador. Utilizamos Font Awesome porque es una forma fiable de mostrar fuentes en una amplia variedad de dispositivos. La base legal para el tratamiento asociado de los datos personales surge de nuestro inter\u00e9s leg\u00edtimo en una presentaci\u00f3n f\u00e1cil de usar de nuestros sitios web, de conformidad con el Art. 6 p\u00e1rr. 1 lit. f GDPR.<\/p>\n<p>No se puede descartar que Fonticons tambi\u00e9n transfiera datos personales de usuarios de Internet europeos a EE.UU. y los procese all\u00ed. En la medida en que Fonticons siga procesando los datos de forma independiente, ser\u00e1 responsable de ello. Puedes encontrar m\u00e1s informaci\u00f3n sobre Font Awesome en la pol\u00edtica de privacidad de Font Awesome en: <a href=\"\">https:\/\/fontawesome.com\/privacy.<\/a>  <\/p>\n<p><strong>4. derechos de los interesados<\/strong><\/p>\n<p>Si procesamos tus datos personales, eres un interesado en el sentido del GDPR y tienes los siguientes derechos frente al controlador. Puedes hacer valer estos derechos frente a nosotros como responsables del tratamiento en el sentido del GDPR, por ejemplo, enviando un correo electr\u00f3nico a <a href=\"\">team@oliro.com.<\/a>  <\/p>\n<p><strong>4.1 Derecho a la informaci\u00f3n<\/strong><\/p>\n<p>Puedes solicitar confirmaci\u00f3n al responsable del tratamiento sobre si est\u00e1 tratando datos personales que te conciernen. Si es as\u00ed, tienes derecho a recibir informaci\u00f3n gratuita sobre tus datos personales almacenados, su origen y destinatario y la finalidad del tratamiento de datos. <\/p>\n<p><strong>4.2 Derecho de rectificaci\u00f3n<\/strong><\/p>\n<p>Tienes derecho a rectificar y\/o completar ante el responsable del tratamiento si los datos personales procesados que te conciernen son incorrectos o incompletos.<\/p>\n<p><strong>4.3 Derecho de cancelaci\u00f3n<\/strong><\/p>\n<p>Tienes derecho a obtener del responsable del tratamiento la supresi\u00f3n de los datos personales que te conciernen sin demora indebida, y el responsable del tratamiento tendr\u00e1 la obligaci\u00f3n de suprimir los datos personales sin demora indebida cuando sea aplicable uno de los motivos siguientes:<\/p>\n<p>(1) Los datos personales que te conciernen ya no son necesarios para los fines para los que fueron recogidos o tratados de otro modo.<br \/>(2) Revocas el consentimiento en el que se bas\u00f3 el tratamiento de acuerdo con el Art. 6 p\u00e1rrafo 1 lit. a GDPR y no existe ninguna otra base legal para el tratamiento.   <br \/>(3) Te opones al tratamiento y no existen motivos leg\u00edtimos imperiosos para el tratamiento.<br \/>(4) Los datos personales que te conciernen han sido tratados ilegalmente.<br \/>(5) La supresi\u00f3n de los datos personales que te conciernen es necesaria para cumplir una obligaci\u00f3n legal en virtud del Derecho de la Uni\u00f3n o del Derecho de los Estados miembros al que est\u00e1 sujeto el responsable del tratamiento.<br \/>(6) Los datos personales que te conciernen se recogieron en relaci\u00f3n con los servicios de la sociedad de la informaci\u00f3n ofrecidos de acuerdo con el Art. 8 p\u00e1rrafo 1 GDPR. <\/p>\n<p><strong>4.4 Derecho a la limitaci\u00f3n del tratamiento<\/strong><\/p>\n<p>En las siguientes condiciones, puedes solicitar la restricci\u00f3n del tratamiento de tus datos personales:<\/p>\n<p>(1) si impugnas la exactitud de los datos personales que te conciernen durante un periodo que permita al responsable del tratamiento verificar la exactitud de los datos personales; (2) el tratamiento es il\u00edcito y te opones a la supresi\u00f3n de los datos personales y solicitas en su lugar la limitaci\u00f3n de su uso;<\/p>\n<p>(3) el responsable del tratamiento ya no necesita los datos personales para los fines del tratamiento, pero t\u00fa los necesitas para el reconocimiento, el ejercicio o la defensa de un derecho en un procedimiento judicial; o (4) si te has opuesto al tratamiento en espera de que se verifique si los motivos leg\u00edtimos del responsable del tratamiento prevalecen sobre los tuyos.<\/p>\n<p><strong>4.5 Derecho a la portabilidad de datos<\/strong><\/p>\n<p>Tienes derecho a recibir los datos personales que te conciernan, que hayas facilitado al responsable del tratamiento, en un formato estructurado, de uso com\u00fan y lectura mec\u00e1nica. Tambi\u00e9n tienes derecho a transmitir estos datos a otro responsable del tratamiento sin impedimentos por parte del responsable al que se han facilitado los datos personales. <\/p>\n<p><strong>4.6 Derecho de oposici\u00f3n<\/strong><\/p>\n<p>Tienes derecho a oponerte en cualquier momento, por motivos relacionados con tu situaci\u00f3n particular, al tratamiento de los datos personales que te conciernen basado en las letras e) o f) del art\u00edculo 6, apartado 1, del RGPD, incluida la elaboraci\u00f3n de perfiles basada en dichas disposiciones.  <\/p>\n<p>El responsable del tratamiento dejar\u00e1 de tratar los datos personales que te conciernan una vez que hayas ejercido tu derecho de oposici\u00f3n, a menos que el responsable del tratamiento demuestre motivos leg\u00edtimos imperiosos para el tratamiento que prevalezcan sobre tus intereses, derechos y libertades, o para el reconocimiento, ejercicio o defensa de reclamaciones judiciales.<\/p>\n<p>Si te opones al tratamiento de tus datos personales con fines de mercadotecnia directa, los datos personales que te conciernen dejar\u00e1n de tratarse con estos fines.<\/p>\n<p><strong>4.7 Derecho a revocar la declaraci\u00f3n de consentimiento conforme a la ley de protecci\u00f3n de datos<\/strong><\/p>\n<p>Tienes derecho a revocar en cualquier momento tu consentimiento para el tratamiento de tus datos personales. Env\u00eda tu cancelaci\u00f3n por correo electr\u00f3nico a <a href=\"\">team@oliro.com.<\/a> <\/p>\n<p>La retirada del consentimiento no afectar\u00e1 a la licitud del tratamiento basado en el consentimiento previo a su retirada.<\/p>\n<p><strong>4.8 Derecho a presentar una reclamaci\u00f3n ante una autoridad de control<\/strong><\/p>\n<p>Sin perjuicio de cualquier otro recurso administrativo o judicial, tienes derecho a presentar una reclamaci\u00f3n ante una autoridad de control, en particular en el Estado miembro de tu residencia habitual, lugar de trabajo o lugar de la presunta infracci\u00f3n, si consideras que el tratamiento de los datos personales que te conciernen infringe el GDPR.<\/p>\n<p>La direcci\u00f3n de la autoridad de control responsable del responsable del tratamiento es<\/p>\n<p>Oficina Estatal de Baviera de Supervisi\u00f3n de la Protecci\u00f3n de Datos Direcci\u00f3n de la casa Promenade 18 91522 Ansbach Alemania<\/p>\n<p>Tel\u00e9fono: +49 (0) 981 180093-0 Correo electr\u00f3nico: poststelle@lda.bayern.de<\/p>\n<p>[\/et_pb_text][\/et_pb_column][\/et_pb_row][\/et_pb_section][et_pb_section fb_built=\u00bb1&#8243; admin_label=\u00bbFooter\u00bb _builder_version=\u00bb4.27.2&#8243; background_color=\u00bb#f7f8fc\u00bb min_height=\u00bb181.6px\u00bb custom_margin=\u00bb1px||-6px|||\u00bb custom_padding=\u00bb10px|0px|50px|0px|false|false\u00bb animation_style=\u00bbzoom\u00bb animation_direction=\u00bbbottom\u00bb animation_intensity_zoom=\u00bb6%\u00bb animation_starting_opacity=\u00bb100%\u00bb saved_tabs=\u00bball\u00bb locked=\u00bboff\u00bb global_colors_info=\u00bb{}\u00bb][et_pb_row column_structure=\u00bb1_2,1_4,1_4&#8243; use_custom_gutter=\u00bbon\u00bb gutter_width=\u00bb2&#8243; _builder_version=\u00bb4.16&#8243; background_size=\u00bbinitial\u00bb background_position=\u00bbtop_left\u00bb background_repeat=\u00bbrepeat\u00bb custom_padding=\u00bb46px|||||\u00bb global_colors_info=\u00bb{}\u00bb][et_pb_column type=\u00bb1_2&#8243; _builder_version=\u00bb4.16&#8243; custom_padding=\u00bb|||\u00bb global_colors_info=\u00bb{}\u00bb custom_padding__hover=\u00bb|||\u00bb][et_pb_text _builder_version=\u00bb4.27.2&#8243; text_text_color=\u00bb#F8AC27&#8243; header_font=\u00bb||||||||\u00bb header_2_font=\u00bb|700|||||||\u00bb header_2_text_color=\u00bb#F8AC27&#8243; header_2_font_size=\u00bb36px\u00bb header_2_line_height=\u00bb1.3em\u00bb background_size=\u00bbinitial\u00bb background_position=\u00bbtop_left\u00bb background_repeat=\u00bbrepeat\u00bb custom_margin=\u00bb||20px|\u00bb custom_padding=\u00bb||0px|||\u00bb animation_style=\u00bbslide\u00bb animation_direction=\u00bbbottom\u00bb animation_intensity_slide=\u00bb10%\u00bb global_colors_info=\u00bb{}\u00bb header_font_size__hover=\u00bb30px\u00bb header_font_size__hover_enabled=\u00bb30px\u00bb header_letter_spacing__hover=\u00bb0px\u00bb header_letter_spacing__hover_enabled=\u00bb0px\u00bb header_text_shadow_style__hover=\u00bbnone\u00bb header_text_shadow_style__hover_enabled=\u00bbnone\u00bb header_text_shadow_color__hover=\u00bbrgba(0,0,0,0.4)\u00bb header_text_shadow_color__hover_enabled=\u00bbrgba(0,0,0,0.4)\u00bb]<\/p>\n<h2>\u00bfListo para empezar?<\/h2>\n<p>[\/et_pb_text][et_pb_text _builder_version=\u00bb4.27.2&#8243; text_text_color=\u00bb#000000&#8243; text_font_size=\u00bb22px\u00bb text_line_height=\u00bb1.9em\u00bb background_size=\u00bbinitial\u00bb background_position=\u00bbtop_left\u00bb background_repeat=\u00bbrepeat\u00bb animation_style=\u00bbfade\u00bb locked=\u00bboff\u00bb global_colors_info=\u00bb{}\u00bb]<\/p>\n<p>\u00a1No dudes en contactarnos!<\/p>\n<p>[\/et_pb_text][\/et_pb_column][et_pb_column type=\u00bb1_4&#8243; _builder_version=\u00bb4.16&#8243; custom_padding=\u00bb|||\u00bb global_colors_info=\u00bb{}\u00bb custom_padding__hover=\u00bb|||\u00bb][et_pb_button button_url=\u00bbhttps:\/\/adcapture.de\/contact\/\u00bb button_text=\u00bbEmpieza ahora\u00bb button_alignment=\u00bbleft\u00bb _builder_version=\u00bb4.27.2&#8243; custom_button=\u00bbon\u00bb button_text_size=\u00bb16px\u00bb button_text_color=\u00bb#FFFFFF\u00bb button_bg_color=\u00bb#623edc\u00bb button_border_width=\u00bb10px\u00bb button_border_color=\u00bb#623edc\u00bb button_border_radius=\u00bb100px\u00bb button_letter_spacing=\u00bb1px\u00bb button_font=\u00bb|on||on|\u00bb button_icon=\u00bb&#x45;||divi||400&#8243; button_on_hover=\u00bboff\u00bb custom_margin=\u00bb30px||||false|false\u00bb animation_style=\u00bbzoom\u00bb animation_intensity_zoom=\u00bb6%\u00bb box_shadow_style=\u00bbpreset1&#8243; box_shadow_vertical=\u00bb10px\u00bb box_shadow_blur=\u00bb50px\u00bb box_shadow_spread=\u00bb5px\u00bb box_shadow_color=\u00bbrgba(181,181,255,0.38)\u00bb button_letter_spacing_hover=\u00bb2px\u00bb locked=\u00bboff\u00bb global_colors_info=\u00bb{}\u00bb button_text_size__hover_enabled=\u00bboff\u00bb button_one_text_size__hover_enabled=\u00bboff\u00bb button_two_text_size__hover_enabled=\u00bboff\u00bb button_text_color__hover_enabled=\u00bboff\u00bb button_one_text_color__hover_enabled=\u00bboff\u00bb button_two_text_color__hover_enabled=\u00bboff\u00bb button_border_width__hover_enabled=\u00bboff\u00bb button_one_border_width__hover_enabled=\u00bboff\u00bb button_two_border_width__hover_enabled=\u00bboff\u00bb button_border_color__hover_enabled=\u00bboff\u00bb button_one_border_color__hover_enabled=\u00bboff\u00bb button_two_border_color__hover_enabled=\u00bboff\u00bb button_border_radius__hover_enabled=\u00bboff\u00bb button_one_border_radius__hover_enabled=\u00bboff\u00bb button_two_border_radius__hover_enabled=\u00bboff\u00bb button_letter_spacing__hover_enabled=\u00bbon\u00bb button_letter_spacing__hover=\u00bb2px\u00bb button_one_letter_spacing__hover_enabled=\u00bboff\u00bb button_two_letter_spacing__hover_enabled=\u00bboff\u00bb button_bg_color__hover_enabled=\u00bboff\u00bb button_one_bg_color__hover_enabled=\u00bboff\u00bb button_two_bg_color__hover_enabled=\u00bboff\u00bb][\/et_pb_button][\/et_pb_column][et_pb_column type=\u00bb1_4&#8243; _builder_version=\u00bb4.16&#8243; custom_padding=\u00bb|||\u00bb global_colors_info=\u00bb{}\u00bb custom_padding__hover=\u00bb|||\u00bb][\/et_pb_column][\/et_pb_row][\/et_pb_section]<\/p>\n","protected":false},"excerpt":{"rendered":"<p>Pol\u00edtica de privacidad \u00a0 El uso de las p\u00e1ginas de Internet de Oliro GmbH (en este caso para el servicio AdClash). Nos alegramos mucho de que te hayas interesado por nuestra empresa. La protecci\u00f3n de datos tiene una prioridad especialmente alta para la direcci\u00f3n de Oliro GmbH. El uso de las p\u00e1ginas de Internet de [&hellip;]<\/p>\n","protected":false},"author":2,"featured_media":0,"parent":0,"menu_order":0,"comment_status":"closed","ping_status":"closed","template":"","meta":{"_et_pb_use_builder":"on","_et_pb_old_content":"","_et_gb_content_width":"","footnotes":""},"class_list":["post-515","page","type-page","status-publish","hentry"],"_links":{"self":[{"href":"https:\/\/adclash.de\/es\/wp-json\/wp\/v2\/pages\/515","targetHints":{"allow":["GET"]}}],"collection":[{"href":"https:\/\/adclash.de\/es\/wp-json\/wp\/v2\/pages"}],"about":[{"href":"https:\/\/adclash.de\/es\/wp-json\/wp\/v2\/types\/page"}],"author":[{"embeddable":true,"href":"https:\/\/adclash.de\/es\/wp-json\/wp\/v2\/users\/2"}],"replies":[{"embeddable":true,"href":"https:\/\/adclash.de\/es\/wp-json\/wp\/v2\/comments?post=515"}],"version-history":[{"count":7,"href":"https:\/\/adclash.de\/es\/wp-json\/wp\/v2\/pages\/515\/revisions"}],"predecessor-version":[{"id":782,"href":"https:\/\/adclash.de\/es\/wp-json\/wp\/v2\/pages\/515\/revisions\/782"}],"wp:attachment":[{"href":"https:\/\/adclash.de\/es\/wp-json\/wp\/v2\/media?parent=515"}],"curies":[{"name":"wp","href":"https:\/\/api.w.org\/{rel}","templated":true}]}}