{"id":524,"date":"2025-01-17T11:59:50","date_gmt":"2025-01-17T11:59:50","guid":{"rendered":"https:\/\/adclash.de\/gtc\/"},"modified":"2025-07-07T07:24:20","modified_gmt":"2025-07-07T07:24:20","slug":"gtc","status":"publish","type":"page","link":"https:\/\/adclash.de\/es\/gtc\/","title":{"rendered":"GTC"},"content":{"rendered":"<p>[et_pb_section fb_built=\u00bb1&#8243; _builder_version=\u00bb4.27.2&#8243; _module_preset=\u00bbdefault\u00bb global_colors_info=\u00bb{}\u00bb][et_pb_row _builder_version=\u00bb4.27.2&#8243; _module_preset=\u00bbdefault\u00bb hover_enabled=\u00bb0&#8243; global_colors_info=\u00bb{}\u00bb sticky_enabled=\u00bb0&#8243;][et_pb_column type=\u00bb4_4&#8243; _builder_version=\u00bb4.27.2&#8243; _module_preset=\u00bbdefault\u00bb global_colors_info=\u00bb{}\u00bb][et_pb_text _builder_version=\u00bb4.27.2&#8243; _module_preset=\u00bbdefault\u00bb hover_enabled=\u00bb0&#8243; global_colors_info=\u00bb{}\u00bb sticky_enabled=\u00bb0&#8243;]<\/p>\n<h2><strong>Condiciones generales<br \/><\/strong><\/h2>\n<p><strong><\/strong><\/p>\n<p><strong>Las siguientes condiciones contractuales de Oliro GmbH se aplican exclusivamente a empresarios, personas jur\u00eddicas de derecho p\u00fablico y fondos especiales de derecho p\u00fablico. Las condiciones divergentes del cliente s\u00f3lo ser\u00e1n v\u00e1lidas si han sido confirmadas expresamente por escrito por Oliro GmbH. <br \/><\/strong><\/p>\n<p><strong><br \/>1. celebraci\u00f3n del contrato y contenido del servicio<\/strong><\/p>\n<p>Las ofertas de Oliro GmbH est\u00e1n siempre sujetas a cambios y no son vinculantes. Los folletos, circulares, boletines y otras descripciones de productos no son ofertas para celebrar un contrato. <\/p>\n<ol>\n<li title=\"\" data-original-title=\"\">El cliente recibe de Oliro GmbH una orden de reserva firmada por ambas partes. El contrato entre el cliente y Oliro GmbH se perfecciona cuando el cliente recibe esta orden de reserva firmada por ambas partes. <\/li>\n<li title=\"\" data-original-title=\"\">El alcance de la prestaci\u00f3n contractual viene determinado por el contenido del contrato firmado<\/li>\n<li title=\"\" data-original-title=\"\">Oliro GmbH se reserva sus derechos exclusivos de propiedad y de autor sobre todos los presupuestos, conceptos, ofertas y dem\u00e1s documentos que elabore. Todos los documentos mencionados se destinan exclusivamente al cliente respectivo y no pueden transmitirse a terceros sin el consentimiento previo de Oliro GmbH. A petici\u00f3n de Oliro GmbH, estos documentos deber\u00e1n devolverse inmediatamente a Oliro GmbH.  <\/li>\n<\/ol>\n<p><strong>2. precios y condiciones de pago<\/strong><\/p>\n<ol>\n<li title=\"\" data-original-title=\"\">Todos los precios est\u00e1n sujetos al impuesto sobre el valor a\u00f1adido legal aplicable.<\/li>\n<li title=\"\" data-original-title=\"\">Salvo que se acuerde otra cosa en casos concretos, Oliro GmbH facturar\u00e1 mensualmente al cliente la remuneraci\u00f3n devengada.<\/li>\n<li title=\"\" data-original-title=\"\">Salvo que se acuerde otra cosa en casos concretos, todas las facturas de Oliro GmbH ser\u00e1n pagaderas sin deducci\u00f3n en un plazo de 14 d\u00edas a partir de su recepci\u00f3n. Los pagos se efectuar\u00e1n libres de costes y gastos para Oliro GmbH. Oliro GmbH no aceptar\u00e1 letras de cambio como medio de pago.  <\/li>\n<li title=\"\" data-original-title=\"\">El cliente s\u00f3lo tendr\u00e1 derecho a compensaci\u00f3n si sus reclamaciones han sido legalmente establecidas o no son impugnadas por Oliro GmbH.<\/li>\n<\/ol>\n<p><strong>3. obligaciones de cooperaci\u00f3n e indemnizaci\u00f3n del cliente<\/strong><\/p>\n<ol>\n<li title=\"\" data-original-title=\"\">El cliente est\u00e1 obligado a proporcionar toda la cooperaci\u00f3n necesaria, en particular a entregar a tiempo todos los contenidos y materiales (textos, im\u00e1genes, logotipos, etc.) que deban incluirse en el anuncio respectivo en una forma y calidad adecuadas para su ejecuci\u00f3n por Oliro GmbH, as\u00ed como a proporcionar a tiempo toda la dem\u00e1s informaci\u00f3n, datos y documentos necesarios para la ejecuci\u00f3n de Oliro GmbH y a presentar sin demora las declaraciones sobre las aprobaciones de servicios solicitadas.<\/li>\n<li title=\"\" data-original-title=\"\">Para garantizar un registro y una evaluaci\u00f3n significativos de las actividades y transacciones comerciales de Oliro GmbH, el cliente debe limitar al m\u00ednimo las referencias a las oportunidades de pedidos telef\u00f3nicos.<\/li>\n<li title=\"\" data-original-title=\"\">El cliente es el \u00fanico responsable de los materiales y contenidos que facilite. Adem\u00e1s, el cliente se compromete frente a Oliro GmbH a no infringir las disposiciones legales y prohibiciones, la moral, los derechos de terceros (como, en particular, los derechos de autor, de nombre, de marca y de marca, los derechos de la personalidad o de protecci\u00f3n de datos, etc.) a trav\u00e9s de los anuncios o a no realizar hechos relevantes para infracciones penales o reglamentarias (en particular, contenidos que pongan en peligro el Estado democr\u00e1tico de derecho, ensalcen la violencia, sean pornogr\u00e1ficos o perjudiciales para los menores) y a no da\u00f1ar los datos o sistemas de datos (en particular, a trav\u00e9s de virus, troyanos u otros programas). Oliro GmbH no asume expresamente ninguna obligaci\u00f3n de inspecci\u00f3n correspondiente. Sin embargo, Oliro GmbH tendr\u00e1 derecho a interrumpir la prestaci\u00f3n de sus servicios si tiene conocimiento de cualquier infracci\u00f3n de la ley o de los derechos por parte de los anuncios.   <\/li>\n<li title=\"\" data-original-title=\"\">En caso de que terceros presenten reclamaciones contra Oliro GmbH por posibles infracciones legales, el cliente se compromete a eximir a Oliro GmbH de toda responsabilidad y a reembolsar a Oliro GmbH los gastos y da\u00f1os que se produzcan como consecuencia de ello, incluidos los gastos de defensa jur\u00eddica.<\/li>\n<li title=\"\" data-original-title=\"\">El cliente debe comprobar las listas de contactos remunerados proporcionadas por Oliro GmbH sin demora y devolver el resultado de la comprobaci\u00f3n a Oliro GmbH sin demora.<\/li>\n<\/ol>\n<p><strong>4. plazos de ejecuci\u00f3n y obst\u00e1culos \/ garant\u00eda<\/strong><\/p>\n<ol>\n<li title=\"\" data-original-title=\"\">Todos los servicios de Oliro GmbH se prestar\u00e1n \u00fanicamente en el marco de las posibilidades operativas, organizativas y t\u00e9cnicas existentes. No obstante, Oliro GmbH se compromete a mantener funcionales sus instalaciones destinadas a la prestaci\u00f3n de servicios y a adaptarlas al progreso t\u00e9cnico y a las condiciones generales del mercado. <\/li>\n<li title=\"\" data-original-title=\"\">El cumplimiento de los plazos de ejecuci\u00f3n acordados requiere la recepci\u00f3n a tiempo de todos los documentos que debe suministrar el cliente, las autorizaciones y aprobaciones necesarias, en particular de los datos y materiales (textos, im\u00e1genes, logotipos, etc.) y, en el caso del uso de servicios de datos, la disponibilidad y el funcionamiento sin errores del equipo necesario para la recepci\u00f3n de datos por parte del cliente. Si estos requisitos no se cumplen a tiempo, los plazos de ejecuci\u00f3n acordados se ampliar\u00e1n en consecuencia; esto no se aplicar\u00e1 si Oliro GmbH es responsable del retraso. <\/li>\n<li title=\"\" data-original-title=\"\">Las interrupciones o retrasos en el cumplimiento debidos a fuerza mayor o a otros acontecimientos que imposibiliten o dificulten de forma temporal o permanente el cumplimiento de Oliro GmbH, sin que Oliro GmbH sea culpable de ello, y que no hubieran podido evitarse con la diligencia de un empresario prudente, interrumpir\u00e1n la obligaci\u00f3n de cumplimiento de Oliro GmbH mientras duren y en la medida de sus efectos. Esto tambi\u00e9n se aplicar\u00e1 si Oliro GmbH ya se encuentra en mora de entrega. Los acontecimientos en el sentido mencionado incluyen huelgas y cierres patronales, cat\u00e1strofes, fallos t\u00e9cnicos de otros operadores de sistemas de telecomunicaciones, v\u00edas de transmisi\u00f3n o redes, cortes de electricidad, incendios, cat\u00e1strofes naturales, actos de violencia por parte de terceros, el uso indebido, en particular excesivo, de los servicios de Oliro GmbH, la aparici\u00f3n de virus inform\u00e1ticos e intervenciones oficiales. En la medida en que Oliro GmbH recurra a terceros para prestar sus propios servicios, la obligaci\u00f3n de Oliro GmbH estar\u00e1 sujeta a la condici\u00f3n de que el tercero contractualmente obligado preste sus servicios correctamente y a tiempo; de no ser as\u00ed, Oliro GmbH informar\u00e1 inmediatamente al cliente.   <\/li>\n<li>Si acontecimientos en el sentido del apartado 3 anterior conducen a la imposibilidad temporal o a un menoscabo temporal significativo de los servicios que deben prestarse sobre la base de contratos de duraci\u00f3n determinada, Oliro GmbH podr\u00e1 suspender el contrato mediante declaraci\u00f3n unilateral al cliente durante el periodo comprendido entre la aparici\u00f3n del acontecimiento y el final de la imposibilidad o del menoscabo significativo, si ello es econ\u00f3micamente razonable para el cliente. En este caso, la duraci\u00f3n del contrato de duraci\u00f3n determinada se prorrogar\u00e1 por la duraci\u00f3n de su suspensi\u00f3n. Oliro GmbH y el cliente quedar\u00e1n liberados de sus obligaciones mutuas de cumplimiento durante el periodo de suspensi\u00f3n.  <\/li>\n<li title=\"\" data-original-title=\"\">Si no se puede esperar razonablemente que una de las partes contratantes siga cumpliendo el contrato mientras dure el impedimento de ejecuci\u00f3n, esta parte contratante tendr\u00e1 derecho a rescindir el contrato por causa justificada.<\/li>\n<li title=\"\" data-original-title=\"\">Oliro GmbH no garantiza que se alcancen determinadas ventas m\u00ednimas a trav\u00e9s de los servicios de Oliro GmbH.<\/li>\n<\/ol>\n<p><strong>5. responsabilidad<\/strong><\/p>\n<ol>\n<li title=\"\" data-original-title=\"\">Oliro GmbH responder\u00e1 del incumplimiento negligente o doloso de las principales obligaciones contractuales (obligaciones cardinales), en particular de las obligaciones cuyo incumplimiento ponga en peligro la finalidad del contrato, menoscabe derechos esenciales del cliente u obligaciones esenciales de Oliro GmbH, as\u00ed como de las obligaciones que hagan posible en primer lugar la correcta ejecuci\u00f3n del contrato.<\/li>\n<li title=\"\" data-original-title=\"\">Por lo dem\u00e1s, Oliro GmbH s\u00f3lo responder\u00e1 por el comportamiento doloso o gravemente negligente de Oliro GmbH, sus representantes legales o auxiliares ejecutivos. Esto tambi\u00e9n se aplica a todos los casos de imposibilidad, mora, incumplimiento positivo del contrato, reclamaciones extracontractuales y culpa in contrahendo. <\/li>\n<li title=\"\" data-original-title=\"\">La responsabilidad de Oliro GmbH por da\u00f1os y perjuicios se limitar\u00e1 a los da\u00f1os previsibles t\u00edpicos del contrato, a menos que Oliro GmbH sea responsable debido a un incumplimiento gravemente negligente o intencionado de las obligaciones cardinales (v\u00e9ase la Secci\u00f3n 1) o debido a un comportamiento intencionado o gravemente negligente por parte de Oliro GmbH, sus representantes legales o auxiliares ejecutivos.<\/li>\n<li title=\"\" data-original-title=\"\">Las anteriores limitaciones de responsabilidad no se aplicar\u00e1n si Oliro GmbH es responsable en virtud de la Ley de Responsabilidad por Productos Defectuosos u otra responsabilidad del fabricante. Adem\u00e1s, no se aplicar\u00e1n en caso de responsabilidad basada en una garant\u00eda asumida por Oliro GmbH o un riesgo de adquisici\u00f3n de Oliro GmbH, as\u00ed como en caso de responsabilidad por lesiones a la vida, el cuerpo o la salud. Adem\u00e1s, las anteriores limitaciones de responsabilidad no se aplicar\u00e1n en la medida en que Oliro GmbH goce de cobertura en virtud de una p\u00f3liza de seguro de responsabilidad civil.  <\/li>\n<li title=\"\" data-original-title=\"\">Los textos, plantillas, material de imagen y archivos que el cliente proporcione a Oliro GmbH como parte de la prestaci\u00f3n de sus servicios no ser\u00e1n comprobados por Oliro GmbH en cuanto a su admisibilidad en virtud de la legislaci\u00f3n sobre licencias, marcas o competencia. A este respecto, la responsabilidad de la admisibilidad recae exclusivamente en el cliente. Oliro GmbH no asume expresamente ninguna responsabilidad al respecto.  <\/li>\n<\/ol>\n<p><strong>6. confidencialidad<\/strong><\/p>\n<ol>\n<li title=\"\" data-original-title=\"\">El cliente tratar\u00e1 como confidencial cualquier informaci\u00f3n que reciba de Oliro GmbH en el contexto de la relaci\u00f3n comercial y que est\u00e9 etiquetada como \u00abconfidencial\u00bb o constituya un secreto comercial o empresarial de Oliro GmbH. El cliente s\u00f3lo pondr\u00e1 esta informaci\u00f3n a disposici\u00f3n interna de aquellos empleados que la necesiten para cumplir con sus obligaciones. Al hacerlo, el cliente deber\u00e1 asegurarse de que estos empleados est\u00e9n sujetos a las mismas normas de confidencialidad que el cliente con respecto a Oliro GmbH.  <\/li>\n<li title=\"\" data-original-title=\"\">A petici\u00f3n de Oliro GmbH, toda la informaci\u00f3n procedente de Oliro GmbH -si est\u00e1 disponible, incluidas las copias o copias de seguridad realizadas por el cliente- deber\u00e1 devolverse a Oliro GmbH inmediatamente o destruirse de forma verificable.<\/li>\n<li title=\"\" data-original-title=\"\">Si existen dudas sobre la categorizaci\u00f3n de la informaci\u00f3n como \u00abconfidencial\u00bb o como secreto comercial o empresarial de Oliro GmbH, el cliente est\u00e1 obligado a aclarar la categorizaci\u00f3n con Oliro GmbH antes de utilizar la informaci\u00f3n.<\/li>\n<\/ol>\n<p><strong>7 Disposiciones generales<\/strong><\/p>\n<ol>\n<li title=\"\" data-original-title=\"\">En caso de que una disposici\u00f3n de estas condiciones y de los dem\u00e1s acuerdos alcanzados sea o llegue a ser inv\u00e1lida, esto no afectar\u00e1 a la validez de las condiciones. El cliente y Oliro GmbH estar\u00e1n obligados a sustituir la disposici\u00f3n inv\u00e1lida por una disposici\u00f3n que sea equivalente a ella en t\u00e9rminos de \u00e9xito econ\u00f3mico. <\/li>\n<li title=\"\" data-original-title=\"\">La relaci\u00f3n contractual entre Oliro GmbH y el cliente se regir\u00e1 exclusivamente por la legislaci\u00f3n alemana, excluyendo las disposiciones sobre conflicto de leyes.<\/li>\n<li title=\"\" data-original-title=\"\">Para todas las reclamaciones mutuas derivadas de la relaci\u00f3n contractual entre Oliro GmbH y el cliente, se acuerda N\u00faremberg como lugar exclusivo de cumplimiento.<\/li>\n<li title=\"\" data-original-title=\"\">Si el cliente es un empresario, una persona jur\u00eddica de derecho p\u00fablico o un patrimonio especial de derecho p\u00fablico, se acuerda que el Tribunal Regional de N\u00faremberg ser\u00e1 competente para todos los litigios derivados de reclamaciones de derecho patrimonial entre Oliro GmbH y el cliente, a menos que se establezca un fuero exclusivo distinto. No obstante, Oliro GmbH tambi\u00e9n podr\u00e1 demandar al cliente en su fuero general. <\/li>\n<\/ol>\n<p>[\/et_pb_text][\/et_pb_column][\/et_pb_row][\/et_pb_section][et_pb_section fb_built=\u00bb1&#8243; admin_label=\u00bbFooter\u00bb _builder_version=\u00bb4.27.2&#8243; background_color=\u00bb#f7f8fc\u00bb min_height=\u00bb181.6px\u00bb custom_margin=\u00bb1px||-6px|||\u00bb custom_padding=\u00bb10px|0px|50px|0px|false|false\u00bb animation_style=\u00bbzoom\u00bb animation_direction=\u00bbbottom\u00bb animation_intensity_zoom=\u00bb6%\u00bb animation_starting_opacity=\u00bb100%\u00bb saved_tabs=\u00bball\u00bb locked=\u00bboff\u00bb global_colors_info=\u00bb{}\u00bb][et_pb_row column_structure=\u00bb1_2,1_4,1_4&#8243; use_custom_gutter=\u00bbon\u00bb gutter_width=\u00bb2&#8243; _builder_version=\u00bb4.16&#8243; background_size=\u00bbinitial\u00bb background_position=\u00bbtop_left\u00bb background_repeat=\u00bbrepeat\u00bb custom_padding=\u00bb46px|||||\u00bb global_colors_info=\u00bb{}\u00bb][et_pb_column type=\u00bb1_2&#8243; _builder_version=\u00bb4.16&#8243; custom_padding=\u00bb|||\u00bb global_colors_info=\u00bb{}\u00bb custom_padding__hover=\u00bb|||\u00bb][et_pb_text _builder_version=\u00bb4.27.2&#8243; text_text_color=\u00bb#F8AC27&#8243; header_font=\u00bb||||||||\u00bb header_2_font=\u00bb|700|||||||\u00bb header_2_text_color=\u00bb#F8AC27&#8243; header_2_font_size=\u00bb36px\u00bb header_2_line_height=\u00bb1.3em\u00bb background_size=\u00bbinitial\u00bb background_position=\u00bbtop_left\u00bb background_repeat=\u00bbrepeat\u00bb custom_margin=\u00bb||20px|\u00bb custom_padding=\u00bb||0px|||\u00bb animation_style=\u00bbslide\u00bb animation_direction=\u00bbbottom\u00bb animation_intensity_slide=\u00bb10%\u00bb global_colors_info=\u00bb{}\u00bb header_font_size__hover=\u00bb30px\u00bb header_font_size__hover_enabled=\u00bb30px\u00bb header_letter_spacing__hover=\u00bb0px\u00bb header_letter_spacing__hover_enabled=\u00bb0px\u00bb header_text_shadow_style__hover=\u00bbnone\u00bb header_text_shadow_style__hover_enabled=\u00bbnone\u00bb header_text_shadow_color__hover=\u00bbrgba(0,0,0,0.4)\u00bb header_text_shadow_color__hover_enabled=\u00bbrgba(0,0,0,0.4)\u00bb]<\/p>\n<h2>\u00bfListo para empezar?<\/h2>\n<p>[\/et_pb_text][et_pb_text _builder_version=\u00bb4.27.2&#8243; text_text_color=\u00bb#000000&#8243; text_font_size=\u00bb22px\u00bb text_line_height=\u00bb1.9em\u00bb background_size=\u00bbinitial\u00bb background_position=\u00bbtop_left\u00bb background_repeat=\u00bbrepeat\u00bb animation_style=\u00bbfade\u00bb locked=\u00bboff\u00bb global_colors_info=\u00bb{}\u00bb]<\/p>\n<p>No dudes en ponerte en contacto con nosotros.<\/p>\n<p>[\/et_pb_text][\/et_pb_column][et_pb_column type=\u00bb1_4&#8243; _builder_version=\u00bb4.16&#8243; custom_padding=\u00bb|||\u00bb global_colors_info=\u00bb{}\u00bb custom_padding__hover=\u00bb|||\u00bb][et_pb_button button_url=\u00bbhttps:\/\/adcapture.de\/contact\/\u00bb button_text=\u00bbEmpieza ahora\u00bb button_alignment=\u00bbleft\u00bb _builder_version=\u00bb4.27.2&#8243; custom_button=\u00bbon\u00bb button_text_size=\u00bb16px\u00bb button_text_color=\u00bb#FFFFFF\u00bb button_bg_color=\u00bb#623edc\u00bb button_border_width=\u00bb10px\u00bb button_border_color=\u00bb#623edc\u00bb button_border_radius=\u00bb100px\u00bb button_letter_spacing=\u00bb1px\u00bb button_font=\u00bb|on||on|\u00bb button_icon=\u00bb&#x45;||divi||400&#8243; button_on_hover=\u00bboff\u00bb custom_margin=\u00bb30px||||false|false\u00bb animation_style=\u00bbzoom\u00bb animation_intensity_zoom=\u00bb6%\u00bb box_shadow_style=\u00bbpreset1&#8243; box_shadow_vertical=\u00bb10px\u00bb box_shadow_blur=\u00bb50px\u00bb box_shadow_spread=\u00bb5px\u00bb box_shadow_color=\u00bbrgba(181,181,255,0.38)\u00bb button_letter_spacing_hover=\u00bb2px\u00bb locked=\u00bboff\u00bb global_colors_info=\u00bb{}\u00bb button_text_size__hover_enabled=\u00bboff\u00bb button_one_text_size__hover_enabled=\u00bboff\u00bb button_two_text_size__hover_enabled=\u00bboff\u00bb button_text_color__hover_enabled=\u00bboff\u00bb button_one_text_color__hover_enabled=\u00bboff\u00bb button_two_text_color__hover_enabled=\u00bboff\u00bb button_border_width__hover_enabled=\u00bboff\u00bb button_one_border_width__hover_enabled=\u00bboff\u00bb button_two_border_width__hover_enabled=\u00bboff\u00bb button_border_color__hover_enabled=\u00bboff\u00bb button_one_border_color__hover_enabled=\u00bboff\u00bb button_two_border_color__hover_enabled=\u00bboff\u00bb button_border_radius__hover_enabled=\u00bboff\u00bb button_one_border_radius__hover_enabled=\u00bboff\u00bb button_two_border_radius__hover_enabled=\u00bboff\u00bb button_letter_spacing__hover_enabled=\u00bbon\u00bb button_letter_spacing__hover=\u00bb2px\u00bb button_one_letter_spacing__hover_enabled=\u00bboff\u00bb button_two_letter_spacing__hover_enabled=\u00bboff\u00bb button_bg_color__hover_enabled=\u00bboff\u00bb button_one_bg_color__hover_enabled=\u00bboff\u00bb button_two_bg_color__hover_enabled=\u00bboff\u00bb][\/et_pb_button][\/et_pb_column][et_pb_column type=\u00bb1_4&#8243; _builder_version=\u00bb4.16&#8243; custom_padding=\u00bb|||\u00bb global_colors_info=\u00bb{}\u00bb custom_padding__hover=\u00bb|||\u00bb][\/et_pb_column][\/et_pb_row][\/et_pb_section]<\/p>\n","protected":false},"excerpt":{"rendered":"<p>Condiciones generales Las siguientes condiciones contractuales de Oliro GmbH se aplican exclusivamente a empresarios, personas jur\u00eddicas de derecho p\u00fablico y fondos especiales de derecho p\u00fablico. Las condiciones divergentes del cliente s\u00f3lo ser\u00e1n v\u00e1lidas si han sido confirmadas expresamente por escrito por Oliro GmbH. 1. celebraci\u00f3n del contrato y contenido del servicio Las ofertas de Oliro [&hellip;]<\/p>\n","protected":false},"author":2,"featured_media":0,"parent":0,"menu_order":0,"comment_status":"closed","ping_status":"closed","template":"","meta":{"_et_pb_use_builder":"on","_et_pb_old_content":"","_et_gb_content_width":"","footnotes":""},"class_list":["post-524","page","type-page","status-publish","hentry"],"_links":{"self":[{"href":"https:\/\/adclash.de\/es\/wp-json\/wp\/v2\/pages\/524","targetHints":{"allow":["GET"]}}],"collection":[{"href":"https:\/\/adclash.de\/es\/wp-json\/wp\/v2\/pages"}],"about":[{"href":"https:\/\/adclash.de\/es\/wp-json\/wp\/v2\/types\/page"}],"author":[{"embeddable":true,"href":"https:\/\/adclash.de\/es\/wp-json\/wp\/v2\/users\/2"}],"replies":[{"embeddable":true,"href":"https:\/\/adclash.de\/es\/wp-json\/wp\/v2\/comments?post=524"}],"version-history":[{"count":6,"href":"https:\/\/adclash.de\/es\/wp-json\/wp\/v2\/pages\/524\/revisions"}],"predecessor-version":[{"id":889,"href":"https:\/\/adclash.de\/es\/wp-json\/wp\/v2\/pages\/524\/revisions\/889"}],"wp:attachment":[{"href":"https:\/\/adclash.de\/es\/wp-json\/wp\/v2\/media?parent=524"}],"curies":[{"name":"wp","href":"https:\/\/api.w.org\/{rel}","templated":true}]}}