{"id":527,"date":"2025-01-17T11:59:50","date_gmt":"2025-01-17T11:59:50","guid":{"rendered":"https:\/\/adclash.de\/conditions-generales-de-vente\/"},"modified":"2025-07-07T07:24:06","modified_gmt":"2025-07-07T07:24:06","slug":"conditions-generales-de-vente","status":"publish","type":"page","link":"https:\/\/adclash.de\/fr\/conditions-generales-de-vente\/","title":{"rendered":"CONDITIONS G\u00c9N\u00c9RALES DE VENTE"},"content":{"rendered":"<p>[et_pb_section fb_built=\u00a0\u00bb1&Prime; _builder_version=\u00a0\u00bb4.27.2&Prime; _module_preset=\u00a0\u00bbdefault\u00a0\u00bb global_colors_info=\u00a0\u00bb{}\u00a0\u00bb][et_pb_row _builder_version=\u00a0\u00bb4.27.2&Prime; _module_preset=\u00a0\u00bbdefault\u00a0\u00bb hover_enabled=\u00a0\u00bb0&Prime; global_colors_info=\u00a0\u00bb{}\u00a0\u00bb sticky_enabled=\u00a0\u00bb0&Prime;][et_pb_column type=\u00a0\u00bb4_4&Prime; _builder_version=\u00a0\u00bb4.27.2&Prime; _module_preset=\u00a0\u00bbdefault\u00a0\u00bb global_colors_info=\u00a0\u00bb{}\u00a0\u00bb][et_pb_text _builder_version=\u00a0\u00bb4.27.2&Prime; _module_preset=\u00a0\u00bbdefault\u00a0\u00bb hover_enabled=\u00a0\u00bb0&Prime; global_colors_info=\u00a0\u00bb{}\u00a0\u00bb sticky_enabled=\u00a0\u00bb0&Prime;]<\/p>\n<h2><strong>Conditions g\u00e9n\u00e9rales de vente<br \/><\/strong><\/h2>\n<p><strong><\/strong><\/p>\n<p><strong>Les conditions contractuelles suivantes d&rsquo;Oliro GmbH s&rsquo;appliquent exclusivement aux entrepreneurs, aux personnes morales de droit public et aux fonds sp\u00e9ciaux de droit public. Les conditions du donneur d&rsquo;ordre qui s&rsquo;en \u00e9cartent ne sont valables que si elles sont express\u00e9ment confirm\u00e9es par \u00e9crit par Oliro GmbH. <br \/><\/strong><\/p>\n<p><strong><br \/>1. conclusion du contrat et contenu des prestations<\/strong><\/p>\n<p>Les offres d&rsquo;Oliro GmbH sont toujours faites sans engagement et sans obligation. Les prospectus, circulaires, newsletters et autres descriptions de produits ne sont pas des offres de conclusion de contrat. <\/p>\n<ol>\n<li title=\"\" data-original-title=\"\">Le client re\u00e7oit d&rsquo;Oliro GmbH un ordre de r\u00e9servation sign\u00e9 par les deux parties. Le contrat entre le client et Oliro GmbH prend effet \u00e0 la r\u00e9ception par le client de cet ordre de r\u00e9servation sign\u00e9 par les deux parties. <\/li>\n<li title=\"\" data-original-title=\"\">L&rsquo;\u00e9tendue de la prestation contractuelle est d\u00e9termin\u00e9e par le contenu du contrat sign\u00e9.<\/li>\n<li title=\"\" data-original-title=\"\">Oliro GmbH se r\u00e9serve les droits exclusifs de propri\u00e9t\u00e9 et d&rsquo;auteur sur tous les devis, concepts, offres et autres documents qu&rsquo;elle a \u00e9labor\u00e9s. Tous les documents susmentionn\u00e9s sont exclusivement destin\u00e9s au client concern\u00e9 et ne peuvent pas \u00eatre transmis \u00e0 des tiers sans l&rsquo;accord pr\u00e9alable d&rsquo;Oliro GmbH. Sur demande d&rsquo;Oliro GmbH, ces documents doivent lui \u00eatre restitu\u00e9s imm\u00e9diatement.  <\/li>\n<\/ol>\n<p><strong>2. prix et conditions de paiement<\/strong><\/p>\n<ol>\n<li title=\"\" data-original-title=\"\">Tous les prix s&rsquo;entendent hors TVA.<\/li>\n<li title=\"\" data-original-title=\"\">Sauf convention contraire dans un cas particulier, Oliro GmbH facture mensuellement au donneur d&rsquo;ordre la r\u00e9mun\u00e9ration encourue.<\/li>\n<li title=\"\" data-original-title=\"\">Sauf accord contraire dans un cas particulier, toutes les factures d&rsquo;Oliro GmbH sont payables sans d\u00e9duction dans les 14 jours suivant leur r\u00e9ception. Les paiements doivent \u00eatre effectu\u00e9s sans frais ni taxes pour Oliro GmbH. Les traites ne sont pas accept\u00e9es par Oliro GmbH comme moyen de paiement.  <\/li>\n<li title=\"\" data-original-title=\"\">Le donneur d&rsquo;ordre n&rsquo;est en droit de proc\u00e9der \u00e0 une compensation que si ses pr\u00e9tentions ont \u00e9t\u00e9 constat\u00e9es par un jugement ex\u00e9cutoire ou ne sont pas contest\u00e9es par Oliro GmbH.<\/li>\n<\/ol>\n<p><strong>3. obligations de coop\u00e9ration et d&rsquo;exon\u00e9ration du client<\/strong><\/p>\n<ol>\n<li title=\"\" data-original-title=\"\">Le client est tenu d&rsquo;accomplir toutes les actions de coop\u00e9ration n\u00e9cessaires, en particulier de fournir \u00e0 temps tous les contenus et mat\u00e9riaux \u00e0 int\u00e9grer dans l&rsquo;annonce publicitaire concern\u00e9e (textes, images, logos, etc.) sous une forme et une qualit\u00e9 adapt\u00e9es \u00e0 la mise en \u0153uvre par Oliro GmbH et de mettre \u00e0 disposition \u00e0 temps toutes les autres informations, donn\u00e9es et documents n\u00e9cessaires \u00e0 la prestation d&rsquo;Oliro GmbH, ainsi que de fournir sans d\u00e9lai des explications sur les validations de prestations demand\u00e9es.<\/li>\n<li title=\"\" data-original-title=\"\">Afin de garantir un enregistrement et une \u00e9valuation pertinents des activit\u00e9s et des transactions commerciales par Oliro GmbH, le donneur d&rsquo;ordre doit limiter au strict n\u00e9cessaire les r\u00e9f\u00e9rences aux possibilit\u00e9s de commande par t\u00e9l\u00e9phone.<\/li>\n<li title=\"\" data-original-title=\"\">Le client est seul responsable du mat\u00e9riel et du contenu qu&rsquo;il met \u00e0 disposition. Le client s&rsquo;engage en outre vis-\u00e0-vis d&rsquo;Oliro GmbH \u00e0 ne pas enfreindre, par le biais des annonces publicitaires, les dispositions l\u00e9gales et les interdictions, les bonnes m\u0153urs, les droits de tiers (comme en particulier les droits d&rsquo;auteur, les droits sur le nom, les droits sur les signes distinctifs et les droits sur les marques, les droits de la personnalit\u00e9 ou les droits sur la protection des donn\u00e9es, etc.) ou \u00e0 ne pas r\u00e9aliser d&rsquo;actes p\u00e9nalement r\u00e9pr\u00e9hensibles ou contraires \u00e0 l&rsquo;ordre public (en particulier des contenus mena\u00e7ant l&rsquo;\u00e9tat de droit d\u00e9mocratique, faisant l&rsquo;apologie de la violence, pornographiques ou dangereux pour la jeunesse) et \u00e0 ne pas endommager les donn\u00e9es ou les syst\u00e8mes de donn\u00e9es (en particulier par des virus, des chevaux de Troie ou d&rsquo;autres programmes). Oliro GmbH n&rsquo;assume express\u00e9ment aucune obligation de contr\u00f4le correspondante. Cependant, Oliro GmbH est en droit de suspendre la fourniture de ses services si elle a connaissance d&rsquo;une violation de la loi ou du droit par les annonces publicitaires.   <\/li>\n<li title=\"\" data-original-title=\"\">Si des tiers devaient faire appel \u00e0 Oliro GmbH en raison d&rsquo;\u00e9ventuelles violations de la loi, le client s&rsquo;engage \u00e0 d\u00e9gager Oliro GmbH de toute responsabilit\u00e9 et \u00e0 rembourser les d\u00e9penses et dommages occasionn\u00e9s \u00e0 Oliro GmbH, y compris les frais de d\u00e9fense juridique.<\/li>\n<li title=\"\" data-original-title=\"\">Le donneur d&rsquo;ordre est tenu de v\u00e9rifier imm\u00e9diatement les listes de contacts soumis \u00e0 r\u00e9mun\u00e9ration qui lui sont fournies par Oliro GmbH et de renvoyer imm\u00e9diatement le r\u00e9sultat de la v\u00e9rification \u00e0 Oliro GmbH.<\/li>\n<\/ol>\n<p><strong>4) D\u00e9lais et obstacles \u00e0 la prestation \/ Garantie<\/strong><\/p>\n<ol>\n<li title=\"\" data-original-title=\"\">Toutes les prestations d&rsquo;Oliro GmbH ne sont fournies que dans le cadre des possibilit\u00e9s op\u00e9rationnelles, organisationnelles et techniques existantes. Oliro GmbH s&rsquo;engage cependant \u00e0 maintenir en \u00e9tat de fonctionnement ses installations servant \u00e0 la fourniture des prestations et \u00e0 les adapter au progr\u00e8s technique ainsi qu&rsquo;aux conditions g\u00e9n\u00e9rales du march\u00e9. <\/li>\n<li title=\"\" data-original-title=\"\">Le respect des d\u00e9lais de prestation convenus pr\u00e9suppose la r\u00e9ception en temps voulu de tous les documents \u00e0 fournir par le client, des autorisations et validations n\u00e9cessaires, en particulier des donn\u00e9es et mat\u00e9riaux (textes, images, logos, etc.) ainsi que, en cas d&rsquo;utilisation de services de donn\u00e9es, la mise \u00e0 disposition et le fonctionnement sans erreur des \u00e9quipements n\u00e9cessaires \u00e0 la r\u00e9ception des donn\u00e9es par le client. Si ces conditions ne sont pas remplies \u00e0 temps, les \u00e9ventuels d\u00e9lais de prestation convenus sont prolong\u00e9s de mani\u00e8re appropri\u00e9e ; ceci ne s&rsquo;applique pas si Oliro GmbH est responsable du retard. <\/li>\n<li title=\"\" data-original-title=\"\">Les interruptions ou retards de prestation dus \u00e0 un cas de force majeure ou \u00e0 d&rsquo;autres \u00e9v\u00e9nements qui rendent Oliro GmbH temporairement ou durablement incapable de fournir sa prestation ou qui la rendent excessivement difficile, sans qu&rsquo;Oliro GmbH n&rsquo;en soit responsable, et qui n&rsquo;auraient pas pu \u00eatre \u00e9vit\u00e9s avec la diligence d&rsquo;un bon commer\u00e7ant, interrompent l&rsquo;obligation de prestation de Oliro GmbH pour la dur\u00e9e de leur effet et dans la mesure de celui-ci. Ceci s&rsquo;applique \u00e9galement si Oliro GmbH est d\u00e9j\u00e0 en retard de livraison. Les \u00e9v\u00e9nements dans le sens pr\u00e9cit\u00e9 sont par exemple les gr\u00e8ves et lock-out, les catastrophes, les pannes techniques chez d&rsquo;autres op\u00e9rateurs d&rsquo;installations, de voies de transmission ou de r\u00e9seaux de t\u00e9l\u00e9communications, les pannes d&rsquo;\u00e9lectricit\u00e9, les incendies, les catastrophes naturelles, les actes de violence de tiers, l&rsquo;utilisation abusive, en particulier excessive, des services de Oliro GmbH, l&rsquo;apparition de virus informatiques ainsi que les interventions des autorit\u00e9s. Dans la mesure o\u00f9 Oliro GmbH fait appel \u00e0 des tiers pour fournir ses propres services, l&rsquo;obligation de prestation d&rsquo;Oliro GmbH est soumise \u00e0 la condition que le tiers engag\u00e9 par contrat fournisse des prestations correctes et \u00e0 temps ; si tel n&rsquo;est pas le cas, Oliro GmbH en informera imm\u00e9diatement le donneur d&rsquo;ordre.   <\/li>\n<li>Si des \u00e9v\u00e9nements au sens de l&rsquo;alin\u00e9a 3 ci-dessus entra\u00eenent une impossibilit\u00e9 temporaire ou un pr\u00e9judice temporaire important des prestations \u00e0 fournir sur la base de contrats \u00e0 dur\u00e9e d\u00e9termin\u00e9e, Oliro GmbH peut, par d\u00e9claration unilat\u00e9rale au donneur d&rsquo;ordre, suspendre le contrat pour la p\u00e9riode allant de la survenance de l&rsquo;\u00e9v\u00e9nement \u00e0 la fin de l&rsquo;impossibilit\u00e9 ou du pr\u00e9judice important, si cela est \u00e9conomiquement acceptable pour le donneur d&rsquo;ordre. Dans ce cas, la dur\u00e9e du contrat \u00e0 dur\u00e9e d\u00e9termin\u00e9e est prolong\u00e9e de la dur\u00e9e de sa suspension. Oliro GmbH et le donneur d&rsquo;ordre sont lib\u00e9r\u00e9s de leurs obligations r\u00e9ciproques de prestation pendant la p\u00e9riode de suspension.  <\/li>\n<li title=\"\" data-original-title=\"\">Si, pendant la dur\u00e9e de l&#8217;emp\u00eachement, il est inacceptable pour l&rsquo;une des parties contractantes de continuer \u00e0 respecter le contrat, cette partie contractante est en droit de r\u00e9silier le contrat de mani\u00e8re extraordinaire.<\/li>\n<li title=\"\" data-original-title=\"\">Oliro GmbH ne garantit pas que les services d&rsquo;Oliro GmbH permettent de r\u00e9aliser un chiffre d&rsquo;affaires minimum.<\/li>\n<\/ol>\n<p><strong>5. responsabilit\u00e9<\/strong><\/p>\n<ol>\n<li title=\"\" data-original-title=\"\">Oliro GmbH est responsable de toute violation par n\u00e9gligence ou intentionnelle d&rsquo;obligations contractuelles principales (obligations cardinales), en particulier d&rsquo;obligations dont la violation mettrait en p\u00e9ril l&rsquo;objectif du contrat, viderait de leur substance des droits essentiels du client ou des obligations essentielles d&rsquo;Oliro GmbH, et d&rsquo;obligations par lesquelles une ex\u00e9cution correcte du contrat est rendue possible.<\/li>\n<li title=\"\" data-original-title=\"\">Par ailleurs, Oliro GmbH est uniquement responsable d&rsquo;un comportement intentionnel ou d&rsquo;une n\u00e9gligence grave de la part d&rsquo;Oliro GmbH, de ses repr\u00e9sentants l\u00e9gaux ou de ses auxiliaires d&rsquo;ex\u00e9cution. Cela vaut \u00e9galement pour tous les cas d&rsquo;impossibilit\u00e9, de retard, de violation positive du contrat, de droits d\u00e9lictueux ainsi que de faute lors de la conclusion du contrat. <\/li>\n<li title=\"\" data-original-title=\"\">La responsabilit\u00e9 d&rsquo;Oliro GmbH en mati\u00e8re de dommages et int\u00e9r\u00eats est limit\u00e9e aux dommages pr\u00e9visibles et typiques du contrat, sauf si Oliro GmbH est responsable en raison d&rsquo;une violation grave ou intentionnelle d&rsquo;obligations cardinales (voir \u00e0 ce sujet le point 1) ou en raison d&rsquo;un comportement intentionnel ou d&rsquo;une n\u00e9gligence grave d&rsquo;Oliro GmbH, de ses repr\u00e9sentants l\u00e9gaux ou de ses auxiliaires d&rsquo;ex\u00e9cution.<\/li>\n<li title=\"\" data-original-title=\"\">Les limitations de responsabilit\u00e9 ci-dessus ne s&rsquo;appliquent pas si Oliro GmbH est responsable en vertu de la loi sur la responsabilit\u00e9 du fait des produits ou de toute autre responsabilit\u00e9 du producteur. Elles ne s&rsquo;appliquent pas non plus \u00e0 une responsabilit\u00e9 bas\u00e9e sur une garantie prise par Oliro GmbH ou sur un risque d&rsquo;approvisionnement de Oliro GmbH, ni \u00e0 une responsabilit\u00e9 pour atteinte \u00e0 la vie, \u00e0 l&rsquo;int\u00e9grit\u00e9 physique ou \u00e0 la sant\u00e9. Les limitations de responsabilit\u00e9 susmentionn\u00e9es ne s&rsquo;appliquent pas non plus dans la mesure o\u00f9 Oliro GmbH b\u00e9n\u00e9ficie de la couverture d&rsquo;une assurance responsabilit\u00e9 civile.  <\/li>\n<li title=\"\" data-original-title=\"\">Les textes, mod\u00e8les, images, fichiers que le client met \u00e0 la disposition d&rsquo;Oliro GmbH dans le cadre de la fourniture de ses services ne sont pas contr\u00f4l\u00e9s par Oliro GmbH quant \u00e0 leur admissibilit\u00e9 en termes de droit de licence, de droit des marques ou de droit de la concurrence. A cet \u00e9gard, la responsabilit\u00e9 de l&rsquo;admissibilit\u00e9 incombe exclusivement au donneur d&rsquo;ordre. Oliro GmbH d\u00e9cline express\u00e9ment toute responsabilit\u00e9 \u00e0 cet \u00e9gard.  <\/li>\n<\/ol>\n<p><strong>6. confidentialit\u00e9<\/strong><\/p>\n<ol>\n<li title=\"\" data-original-title=\"\">Le donneur d&rsquo;ordre doit traiter de mani\u00e8re confidentielle toute information qu&rsquo;il re\u00e7oit d&rsquo;Oliro GmbH dans le cadre de la relation d&rsquo;affaires et qui est soit marqu\u00e9e comme \u00ab\u00a0confidentielle\u00a0\u00bb, soit qui constitue un secret d&rsquo;affaires ou un secret industriel d&rsquo;Oliro GmbH. Il ne rendra ces informations accessibles en interne qu&rsquo;aux collaborateurs qui en ont besoin pour remplir leurs obligations. Ce faisant, le donneur d&rsquo;ordre doit s&rsquo;assurer que ces collaborateurs sont soumis aux m\u00eames r\u00e8gles de confidentialit\u00e9 que celles qui s&rsquo;appliquent au donneur d&rsquo;ordre vis-\u00e0-vis d&rsquo;Oliro GmbH.  <\/li>\n<li title=\"\" data-original-title=\"\">Sur demande d&rsquo;Oliro GmbH, toutes les informations provenant d&rsquo;Oliro GmbH &#8211; y compris, le cas \u00e9ch\u00e9ant, les copies ou les sauvegardes r\u00e9alis\u00e9es par le donneur d&rsquo;ordre &#8211; doivent \u00eatre imm\u00e9diatement restitu\u00e9es \u00e0 Oliro GmbH ou d\u00e9truites, preuve \u00e0 l&rsquo;appui.<\/li>\n<li title=\"\" data-original-title=\"\">En cas de doute sur la classification d&rsquo;informations comme \u00ab\u00a0confidentielles\u00a0\u00bb ou comme secret commercial ou industriel d&rsquo;Oliro GmbH, le client est tenu de clarifier la classification avec Oliro GmbH avant d&rsquo;utiliser les informations.<\/li>\n<\/ol>\n<p><strong>7. dispositions g\u00e9n\u00e9rales<\/strong><\/p>\n<ol>\n<li title=\"\" data-original-title=\"\">Si une disposition des pr\u00e9sentes conditions et des autres accords conclus est ou devient invalide, la validit\u00e9 des conditions n&rsquo;en est pas affect\u00e9e. Le donneur d&rsquo;ordre et Oliro GmbH sont tenus de remplacer la disposition invalide par une disposition dont le succ\u00e8s \u00e9conomique est \u00e9quivalent. <\/li>\n<li title=\"\" data-original-title=\"\">Les relations contractuelles entre Oliro GmbH et le donneur d&rsquo;ordre sont exclusivement r\u00e9gies par le droit allemand, \u00e0 l&rsquo;exclusion des r\u00e8gles de conflit de lois.<\/li>\n<li title=\"\" data-original-title=\"\">Pour tous les droits r\u00e9ciproques r\u00e9sultant de la relation contractuelle entre Oliro GmbH et le client, le lieu d&rsquo;ex\u00e9cution exclusif est Nuremberg.<\/li>\n<li title=\"\" data-original-title=\"\">Dans la mesure o\u00f9 le client est un entrepreneur, une personne morale de droit public ou un fonds sp\u00e9cial de droit public, la juridiction comp\u00e9tente pour tous les litiges r\u00e9sultant de droits patrimoniaux entre Oliro GmbH et le client est le tribunal de grande instance de Nuremberg, dans la mesure o\u00f9 aucune autre juridiction exclusive n&rsquo;est justifi\u00e9e. Oliro GmbH est cependant libre de poursuivre le donneur d&rsquo;ordre devant la juridiction g\u00e9n\u00e9rale de ce dernier. <\/li>\n<\/ol>\n<p>[\/et_pb_text][\/et_pb_column][\/et_pb_row][\/et_pb_section][et_pb_section fb_built=\u00a0\u00bb1&Prime; admin_label=\u00a0\u00bbFooter\u00a0\u00bb _builder_version=\u00a0\u00bb4.27.2&Prime; background_color=\u00a0\u00bb#f7f8fc\u00a0\u00bb min_height=\u00a0\u00bb181.6px\u00a0\u00bb custom_margin=\u00a0\u00bb1px||-6px|||\u00a0\u00bb custom_padding=\u00a0\u00bb10px|0px|50px|0px|false|false\u00a0\u00bb animation_style=\u00a0\u00bbzoom\u00a0\u00bb animation_direction=\u00a0\u00bbbottom\u00a0\u00bb animation_intensity_zoom=\u00a0\u00bb6%\u00a0\u00bb animation_starting_opacity=\u00a0\u00bb100%\u00a0\u00bb saved_tabs=\u00a0\u00bball\u00a0\u00bb locked=\u00a0\u00bboff\u00a0\u00bb global_colors_info=\u00a0\u00bb{}\u00a0\u00bb][et_pb_row column_structure=\u00a0\u00bb1_2,1_4,1_4&Prime; use_custom_gutter=\u00a0\u00bbon\u00a0\u00bb gutter_width=\u00a0\u00bb2&Prime; _builder_version=\u00a0\u00bb4.16&Prime; background_size=\u00a0\u00bbinitial\u00a0\u00bb background_position=\u00a0\u00bbtop_left\u00a0\u00bb background_repeat=\u00a0\u00bbrepeat\u00a0\u00bb custom_padding=\u00a0\u00bb46px|||||\u00a0\u00bb global_colors_info=\u00a0\u00bb{}\u00a0\u00bb][et_pb_column type=\u00a0\u00bb1_2&Prime; _builder_version=\u00a0\u00bb4.16&Prime; custom_padding=\u00a0\u00bb|||\u00a0\u00bb global_colors_info=\u00a0\u00bb{}\u00a0\u00bb custom_padding__hover=\u00a0\u00bb|||\u00a0\u00bb][et_pb_text _builder_version=\u00a0\u00bb4.27.2&Prime; text_text_color=\u00a0\u00bb#F8AC27&Prime; header_font=\u00a0\u00bb||||||||\u00a0\u00bb header_2_font=\u00a0\u00bb|700|||||||\u00a0\u00bb header_2_text_color=\u00a0\u00bb#F8AC27&Prime; header_2_font_size=\u00a0\u00bb36px\u00a0\u00bb header_2_line_height=\u00a0\u00bb1.3em\u00a0\u00bb background_size=\u00a0\u00bbinitial\u00a0\u00bb background_position=\u00a0\u00bbtop_left\u00a0\u00bb background_repeat=\u00a0\u00bbrepeat\u00a0\u00bb custom_margin=\u00a0\u00bb||20px|\u00a0\u00bb custom_padding=\u00a0\u00bb||0px|||\u00a0\u00bb animation_style=\u00a0\u00bbslide\u00a0\u00bb animation_direction=\u00a0\u00bbbottom\u00a0\u00bb animation_intensity_slide=\u00a0\u00bb10%\u00a0\u00bb global_colors_info=\u00a0\u00bb{}\u00a0\u00bb header_font_size__hover=\u00a0\u00bb30px\u00a0\u00bb header_font_size__hover_enabled=\u00a0\u00bb30px\u00a0\u00bb header_letter_spacing__hover=\u00a0\u00bb0px\u00a0\u00bb header_letter_spacing__hover_enabled=\u00a0\u00bb0px\u00a0\u00bb header_text_shadow_style__hover=\u00a0\u00bbnone\u00a0\u00bb header_text_shadow_style__hover_enabled=\u00a0\u00bbnone\u00a0\u00bb header_text_shadow_color__hover=\u00a0\u00bbrgba(0,0,0,0.4)\u00a0\u00bb header_text_shadow_color__hover_enabled=\u00a0\u00bbrgba(0,0,0,0.4)\u00a0\u00bb]<\/p>\n<h2>Pr\u00eat \u00e0 d\u00e9marrer ?<\/h2>\n<p>[\/et_pb_text][et_pb_text _builder_version=\u00a0\u00bb4.27.2&Prime; text_text_color=\u00a0\u00bb#000000&Prime; text_font_size=\u00a0\u00bb22px\u00a0\u00bb text_line_height=\u00a0\u00bb1.9em\u00a0\u00bb background_size=\u00a0\u00bbinitial\u00a0\u00bb background_position=\u00a0\u00bbtop_left\u00a0\u00bb background_repeat=\u00a0\u00bbrepeat\u00a0\u00bb animation_style=\u00a0\u00bbfade\u00a0\u00bb locked=\u00a0\u00bboff\u00a0\u00bb global_colors_info=\u00a0\u00bb{}\u00a0\u00bb]<\/p>\n<p>N&rsquo;h\u00e9sitez pas \u00e0 nous contacter !<\/p>\n<p>[\/et_pb_text][\/et_pb_column][et_pb_column type=\u00a0\u00bb1_4&Prime; _builder_version=\u00a0\u00bb4.16&Prime; custom_padding=\u00a0\u00bb|||\u00a0\u00bb global_colors_info=\u00a0\u00bb{}\u00a0\u00bb custom_padding__hover=\u00a0\u00bb|||\u00a0\u00bb][et_pb_button button_url=\u00a0\u00bbhttps:\/\/adcapture.de\/contact\/\u00a0\u00bb button_text=\u00a0\u00bbCommencez d\u00e8s maintenant\u00a0\u00bb button_alignment=\u00a0\u00bbleft\u00a0\u00bb _builder_version=\u00a0\u00bb4.27.2&Prime; custom_button=\u00a0\u00bbon\u00a0\u00bb button_text_size=\u00a0\u00bb16px\u00a0\u00bb button_text_color=\u00a0\u00bb#FFFFFF\u00a0\u00bb button_bg_color=\u00a0\u00bb#623edc\u00a0\u00bb button_border_width=\u00a0\u00bb10px\u00a0\u00bb button_border_color=\u00a0\u00bb#623edc\u00a0\u00bb button_border_radius=\u00a0\u00bb100px\u00a0\u00bb button_letter_spacing=\u00a0\u00bb1px\u00a0\u00bb button_font=\u00a0\u00bb|on||on|\u00a0\u00bb button_icon=\u00a0\u00bb&#x45;||divi||400&Prime; button_on_hover=\u00a0\u00bboff\u00a0\u00bb custom_margin=\u00a0\u00bb30px||||false|false\u00a0\u00bb animation_style=\u00a0\u00bbzoom\u00a0\u00bb animation_intensity_zoom=\u00a0\u00bb6%\u00a0\u00bb box_shadow_style=\u00a0\u00bbpreset1&Prime; box_shadow_vertical=\u00a0\u00bb10px\u00a0\u00bb box_shadow_blur=\u00a0\u00bb50px\u00a0\u00bb box_shadow_spread=\u00a0\u00bb5px\u00a0\u00bb box_shadow_color=\u00a0\u00bbrgba(181,181,255,0.38)\u00a0\u00bb button_letter_spacing_hover=\u00a0\u00bb2px\u00a0\u00bb locked=\u00a0\u00bboff\u00a0\u00bb global_colors_info=\u00a0\u00bb{}\u00a0\u00bb button_text_size__hover_enabled=\u00a0\u00bboff\u00a0\u00bb button_one_text_size__hover_enabled=\u00a0\u00bboff\u00a0\u00bb button_two_text_size__hover_enabled=\u00a0\u00bboff\u00a0\u00bb button_text_color__hover_enabled=\u00a0\u00bboff\u00a0\u00bb button_one_text_color__hover_enabled=\u00a0\u00bboff\u00a0\u00bb button_two_text_color__hover_enabled=\u00a0\u00bboff\u00a0\u00bb button_border_width__hover_enabled=\u00a0\u00bboff\u00a0\u00bb button_one_border_width__hover_enabled=\u00a0\u00bboff\u00a0\u00bb button_two_border_width__hover_enabled=\u00a0\u00bboff\u00a0\u00bb button_border_color__hover_enabled=\u00a0\u00bboff\u00a0\u00bb button_one_border_color__hover_enabled=\u00a0\u00bboff\u00a0\u00bb button_two_border_color__hover_enabled=\u00a0\u00bboff\u00a0\u00bb button_border_radius__hover_enabled=\u00a0\u00bboff\u00a0\u00bb button_one_border_radius__hover_enabled=\u00a0\u00bboff\u00a0\u00bb button_two_border_radius__hover_enabled=\u00a0\u00bboff\u00a0\u00bb button_letter_spacing__hover_enabled=\u00a0\u00bbon\u00a0\u00bb button_letter_spacing__hover=\u00a0\u00bb2px\u00a0\u00bb button_one_letter_spacing__hover_enabled=\u00a0\u00bboff\u00a0\u00bb button_two_letter_spacing__hover_enabled=\u00a0\u00bboff\u00a0\u00bb button_bg_color__hover_enabled=\u00a0\u00bboff\u00a0\u00bb button_one_bg_color__hover_enabled=\u00a0\u00bboff\u00a0\u00bb button_two_bg_color__hover_enabled=\u00a0\u00bboff\u00a0\u00bb][\/et_pb_button][\/et_pb_column][et_pb_column type=\u00a0\u00bb1_4&Prime; _builder_version=\u00a0\u00bb4.16&Prime; custom_padding=\u00a0\u00bb|||\u00a0\u00bb global_colors_info=\u00a0\u00bb{}\u00a0\u00bb custom_padding__hover=\u00a0\u00bb|||\u00a0\u00bb][\/et_pb_column][\/et_pb_row][\/et_pb_section]<\/p>\n","protected":false},"excerpt":{"rendered":"<p>Conditions g\u00e9n\u00e9rales de vente Les conditions contractuelles suivantes d&rsquo;Oliro GmbH s&rsquo;appliquent exclusivement aux entrepreneurs, aux personnes morales de droit public et aux fonds sp\u00e9ciaux de droit public. Les conditions du donneur d&rsquo;ordre qui s&rsquo;en \u00e9cartent ne sont valables que si elles sont express\u00e9ment confirm\u00e9es par \u00e9crit par Oliro GmbH. 1. conclusion du contrat et contenu [&hellip;]<\/p>\n","protected":false},"author":2,"featured_media":0,"parent":0,"menu_order":0,"comment_status":"closed","ping_status":"closed","template":"","meta":{"_et_pb_use_builder":"on","_et_pb_old_content":"","_et_gb_content_width":"","footnotes":""},"class_list":["post-527","page","type-page","status-publish","hentry"],"_links":{"self":[{"href":"https:\/\/adclash.de\/fr\/wp-json\/wp\/v2\/pages\/527","targetHints":{"allow":["GET"]}}],"collection":[{"href":"https:\/\/adclash.de\/fr\/wp-json\/wp\/v2\/pages"}],"about":[{"href":"https:\/\/adclash.de\/fr\/wp-json\/wp\/v2\/types\/page"}],"author":[{"embeddable":true,"href":"https:\/\/adclash.de\/fr\/wp-json\/wp\/v2\/users\/2"}],"replies":[{"embeddable":true,"href":"https:\/\/adclash.de\/fr\/wp-json\/wp\/v2\/comments?post=527"}],"version-history":[{"count":6,"href":"https:\/\/adclash.de\/fr\/wp-json\/wp\/v2\/pages\/527\/revisions"}],"predecessor-version":[{"id":887,"href":"https:\/\/adclash.de\/fr\/wp-json\/wp\/v2\/pages\/527\/revisions\/887"}],"wp:attachment":[{"href":"https:\/\/adclash.de\/fr\/wp-json\/wp\/v2\/media?parent=527"}],"curies":[{"name":"wp","href":"https:\/\/api.w.org\/{rel}","templated":true}]}}